{"id":16767,"date":"2023-12-15T19:31:17","date_gmt":"2023-12-15T16:31:17","guid":{"rendered":"https:\/\/larosegallery.ae\/?post_type=product&#038;p=16767"},"modified":"2025-01-04T17:10:37","modified_gmt":"2025-01-04T14:10:37","slug":"inspired-by-la-nuit-tresor-a-la-folie-lancome-2","status":"publish","type":"product","link":"https:\/\/larosegallery.ae\/en\/product\/inspired-by-la-nuit-tresor-a-la-folie-lancome-2\/","title":{"rendered":"Inspired by La Nuit Tr\u00e9sor \u00e0 la Folie Lanc\u00f4me"},"content":{"rendered":"<p><a href=\"http:\/\/larosegallery.ae\/wp-content\/uploads\/2023\/12\/Screenshot_20231202-003940.png\"><img fetchpriority=\"high\" decoding=\"async\" class=\"wp-image-16863 aligncenter\" src=\"http:\/\/larosegallery.ae\/wp-content\/uploads\/2023\/12\/Screenshot_20231202-003940-203x300.png\" alt=\"\" width=\"238\" height=\"352\" srcset=\"https:\/\/larosegallery.ae\/wp-content\/uploads\/2023\/12\/Screenshot_20231202-003940-203x300.png 203w, https:\/\/larosegallery.ae\/wp-content\/uploads\/2023\/12\/Screenshot_20231202-003940-540x800.png 540w, https:\/\/larosegallery.ae\/wp-content\/uploads\/2023\/12\/Screenshot_20231202-003940-768x1138.png 768w, https:\/\/larosegallery.ae\/wp-content\/uploads\/2023\/12\/Screenshot_20231202-003940-1037x1536.png 1037w, https:\/\/larosegallery.ae\/wp-content\/uploads\/2023\/12\/Screenshot_20231202-003940-8x12.png 8w, https:\/\/larosegallery.ae\/wp-content\/uploads\/2023\/12\/Screenshot_20231202-003940-700x1037.png 700w, https:\/\/larosegallery.ae\/wp-content\/uploads\/2023\/12\/Screenshot_20231202-003940-150x222.png 150w, https:\/\/larosegallery.ae\/wp-content\/uploads\/2023\/12\/Screenshot_20231202-003940.png 1072w\" sizes=\"(max-width: 238px) 100vw, 238px\" \/><\/a><\/p>","protected":false},"excerpt":{"rendered":"<p><a href=\"http:\/\/larosegallery.ae\/wp-content\/uploads\/2023\/12\/Screenshot_20231202-003924.png\"><img decoding=\"async\" class=\"size-medium wp-image-16864 aligncenter\" src=\"http:\/\/larosegallery.ae\/wp-content\/uploads\/2023\/12\/Screenshot_20231202-003924-229x300.png\" alt=\"\" width=\"229\" height=\"300\" srcset=\"https:\/\/larosegallery.ae\/wp-content\/uploads\/2023\/12\/Screenshot_20231202-003924-229x300.png 229w, https:\/\/larosegallery.ae\/wp-content\/uploads\/2023\/12\/Screenshot_20231202-003924-9x12.png 9w, https:\/\/larosegallery.ae\/wp-content\/uploads\/2023\/12\/Screenshot_20231202-003924-150x196.png 150w, https:\/\/larosegallery.ae\/wp-content\/uploads\/2023\/12\/Screenshot_20231202-003924.png 568w\" sizes=\"(max-width: 229px) 100vw, 229px\" \/><\/a><\/p>","protected":false},"featured_media":24078,"comment_status":"open","ping_status":"closed","template":"","meta":[],"product_brand":[],"product_cat":[177],"product_tag":[765,900,1142,766,739,1138,711,904,1140,762,689,921,746,758,1050,1136,710,1137,738,780,764,787,722,1032,732,899,1141,719,759,768,1139,852,707],"class_list":{"0":"post-16767","1":"product","2":"type-product","3":"status-publish","4":"has-post-thumbnail","6":"product_cat-fragrance-products","7":"product_tag-alluring","8":"product_tag-beauty","9":"product_tag-beauty-brand","10":"product_tag-captivating","11":"product_tag-designer","12":"product_tag-desire","13":"product_tag-elegant","14":"product_tag-enchanting","15":"product_tag-enchantment","16":"product_tag-floral","17":"product_tag-fragrance","18":"product_tag-french","19":"product_tag-inspired","20":"product_tag-intense","21":"product_tag-irresistible","22":"product_tag-la-nuit-tresor-a-la-folie-lancome","23":"product_tag-long-lasting","24":"product_tag-love","25":"product_tag-luxury","26":"product_tag-musky","27":"product_tag-mysterious","28":"product_tag-night","29":"product_tag-oriental","30":"product_tag-passionate","31":"product_tag-perfume","32":"product_tag-romantic","33":"product_tag-seduction","34":"product_tag-seductive","35":"product_tag-sensual","36":"product_tag-signature-scent","37":"product_tag-temptation","38":"product_tag-women","39":"product_tag-woody","40":"pa_brand-lancome","41":"pa_perfume-designer-amandine-clerc-marie","42":"pa_perfume-designer-christophe-raynaud","43":"pa_perfume-designer-honorine-blanc","44":"pa_sex-89","46":"first","47":"instock","48":"shipping-taxable","49":"purchasable","50":"product-type-variable"},"yoast_head":"<!-- This site is optimized with the Yoast SEO plugin v27.5 - https:\/\/yoast.com\/product\/yoast-seo-wordpress\/ -->\n<title>Inspired by La Nuit Tr\u00e9sor \u00e0 la Folie Lanc\u00f4me - LaRose Gallery<\/title>\n<meta name=\"robots\" content=\"index, follow, max-snippet:-1, max-image-preview:large, max-video-preview:-1\" \/>\n<link rel=\"canonical\" href=\"https:\/\/larosegallery.ae\/en\/product\/inspired-by-la-nuit-tresor-a-la-folie-lancome-2\/\" \/>\n<meta property=\"og:locale\" content=\"en_US\" \/>\n<meta property=\"og:type\" content=\"article\" \/>\n<meta property=\"og:title\" content=\"Inspired by La Nuit Tr\u00e9sor \u00e0 la Folie Lanc\u00f4me - LaRose Gallery\" \/>\n<meta property=\"og:url\" content=\"https:\/\/larosegallery.ae\/en\/product\/inspired-by-la-nuit-tresor-a-la-folie-lancome-2\/\" \/>\n<meta property=\"og:site_name\" content=\"LaRose Gallery\" \/>\n<meta property=\"article:modified_time\" content=\"2025-01-04T14:10:37+00:00\" \/>\n<meta property=\"og:image\" content=\"https:\/\/larosegallery.ae\/wp-content\/uploads\/2023\/12\/APC_0536.jpg\" \/>\n\t<meta property=\"og:image:width\" content=\"2048\" \/>\n\t<meta property=\"og:image:height\" content=\"2048\" \/>\n\t<meta property=\"og:image:type\" content=\"image\/jpeg\" \/>\n<meta name=\"twitter:card\" content=\"summary_large_image\" \/>\n<meta name=\"twitter:label1\" content=\"Est. reading time\" \/>\n\t<meta name=\"twitter:data1\" content=\"1 minute\" \/>\n<script type=\"application\/ld+json\" class=\"yoast-schema-graph\">{\"@context\":\"https:\\\/\\\/schema.org\",\"@graph\":[{\"@type\":\"WebPage\",\"@id\":\"https:\\\/\\\/larosegallery.ae\\\/product\\\/inspired-by-la-nuit-tresor-a-la-folie-lancome-2\\\/\",\"url\":\"https:\\\/\\\/larosegallery.ae\\\/product\\\/inspired-by-la-nuit-tresor-a-la-folie-lancome-2\\\/\",\"name\":\"Inspired by La Nuit Tr\u00e9sor \u00e0 la Folie Lanc\u00f4me - LaRose Gallery\",\"isPartOf\":{\"@id\":\"https:\\\/\\\/larosegallery.ae\\\/#website\"},\"primaryImageOfPage\":{\"@id\":\"https:\\\/\\\/larosegallery.ae\\\/product\\\/inspired-by-la-nuit-tresor-a-la-folie-lancome-2\\\/#primaryimage\"},\"image\":{\"@id\":\"https:\\\/\\\/larosegallery.ae\\\/product\\\/inspired-by-la-nuit-tresor-a-la-folie-lancome-2\\\/#primaryimage\"},\"thumbnailUrl\":\"https:\\\/\\\/larosegallery.ae\\\/wp-content\\\/uploads\\\/2023\\\/12\\\/APC_0536.jpg\",\"datePublished\":\"2023-12-15T16:31:17+00:00\",\"dateModified\":\"2025-01-04T14:10:37+00:00\",\"breadcrumb\":{\"@id\":\"https:\\\/\\\/larosegallery.ae\\\/product\\\/inspired-by-la-nuit-tresor-a-la-folie-lancome-2\\\/#breadcrumb\"},\"inLanguage\":\"en-US\",\"potentialAction\":[{\"@type\":\"ReadAction\",\"target\":[\"https:\\\/\\\/larosegallery.ae\\\/product\\\/inspired-by-la-nuit-tresor-a-la-folie-lancome-2\\\/\"]}]},{\"@type\":\"ImageObject\",\"inLanguage\":\"en-US\",\"@id\":\"https:\\\/\\\/larosegallery.ae\\\/product\\\/inspired-by-la-nuit-tresor-a-la-folie-lancome-2\\\/#primaryimage\",\"url\":\"https:\\\/\\\/larosegallery.ae\\\/wp-content\\\/uploads\\\/2023\\\/12\\\/APC_0536.jpg\",\"contentUrl\":\"https:\\\/\\\/larosegallery.ae\\\/wp-content\\\/uploads\\\/2023\\\/12\\\/APC_0536.jpg\",\"width\":2048,\"height\":2048},{\"@type\":\"BreadcrumbList\",\"@id\":\"https:\\\/\\\/larosegallery.ae\\\/product\\\/inspired-by-la-nuit-tresor-a-la-folie-lancome-2\\\/#breadcrumb\",\"itemListElement\":[{\"@type\":\"ListItem\",\"position\":1,\"name\":\"\u0627\u0644\u0631\u0626\u064a\u0633\u064a\u0629\",\"item\":\"https:\\\/\\\/larosegallery.ae\\\/\"},{\"@type\":\"ListItem\",\"position\":2,\"name\":\"\u0627\u0644\u0645\u0646\u062a\u062c\u0627\u062a\",\"item\":\"https:\\\/\\\/larosegallery.ae\\\/shop\\\/\"},{\"@type\":\"ListItem\",\"position\":3,\"name\":\"Inspired by La Nuit Tr\u00e9sor \u00e0 la Folie Lanc\u00f4me\"}]},{\"@type\":\"WebSite\",\"@id\":\"https:\\\/\\\/larosegallery.ae\\\/#website\",\"url\":\"https:\\\/\\\/larosegallery.ae\\\/\",\"name\":\"Larose Gallery\",\"description\":\"\u0645\u0648\u0637\u0646 \u0627\u0644\u0641\u062e\u0627\u0645\u0629 \u0648\u0627\u0644\u0625\u0628\u062f\u0627\u0639 \u0648\u0627\u0644\u0627\u0628\u062a\u0643\u0627\u0631\",\"publisher\":{\"@id\":\"https:\\\/\\\/larosegallery.ae\\\/#organization\"},\"potentialAction\":[{\"@type\":\"SearchAction\",\"target\":{\"@type\":\"EntryPoint\",\"urlTemplate\":\"https:\\\/\\\/larosegallery.ae\\\/?s={search_term_string}\"},\"query-input\":{\"@type\":\"PropertyValueSpecification\",\"valueRequired\":true,\"valueName\":\"search_term_string\"}}],\"inLanguage\":\"en-US\"},{\"@type\":\"Organization\",\"@id\":\"https:\\\/\\\/larosegallery.ae\\\/#organization\",\"name\":\"Larose Gallery\",\"url\":\"https:\\\/\\\/larosegallery.ae\\\/\",\"logo\":{\"@type\":\"ImageObject\",\"inLanguage\":\"en-US\",\"@id\":\"https:\\\/\\\/larosegallery.ae\\\/#\\\/schema\\\/logo\\\/image\\\/\",\"url\":\"https:\\\/\\\/larosegallery.ae\\\/wp-content\\\/uploads\\\/2023\\\/11\\\/\u200f\u200fAttachment_1642877305-4-150x150-\u0646\u0633\u062e\u0629.png\",\"contentUrl\":\"https:\\\/\\\/larosegallery.ae\\\/wp-content\\\/uploads\\\/2023\\\/11\\\/\u200f\u200fAttachment_1642877305-4-150x150-\u0646\u0633\u062e\u0629.png\",\"width\":150,\"height\":150,\"caption\":\"Larose Gallery\"},\"image\":{\"@id\":\"https:\\\/\\\/larosegallery.ae\\\/#\\\/schema\\\/logo\\\/image\\\/\"},\"sameAs\":[\"https:\\\/\\\/www.instagram.com\\\/la_rose_gallery_perfumes\"]}]}<\/script>\n<!-- \/ Yoast SEO plugin. -->","yoast_head_json":{"title":"Inspired by La Nuit Tr\u00e9sor \u00e0 la Folie Lanc\u00f4me - LaRose Gallery","robots":{"index":"index","follow":"follow","max-snippet":"max-snippet:-1","max-image-preview":"max-image-preview:large","max-video-preview":"max-video-preview:-1"},"canonical":"https:\/\/larosegallery.ae\/en\/product\/inspired-by-la-nuit-tresor-a-la-folie-lancome-2\/","og_locale":"en_US","og_type":"article","og_title":"Inspired by La Nuit Tr\u00e9sor \u00e0 la Folie Lanc\u00f4me - LaRose Gallery","og_url":"https:\/\/larosegallery.ae\/en\/product\/inspired-by-la-nuit-tresor-a-la-folie-lancome-2\/","og_site_name":"LaRose Gallery","article_modified_time":"2025-01-04T14:10:37+00:00","og_image":[{"width":2048,"height":2048,"url":"https:\/\/larosegallery.ae\/wp-content\/uploads\/2023\/12\/APC_0536.jpg","type":"image\/jpeg"}],"twitter_card":"summary_large_image","twitter_misc":{"Est. reading time":"1 minute"},"schema":{"@context":"https:\/\/schema.org","@graph":[{"@type":"WebPage","@id":"https:\/\/larosegallery.ae\/product\/inspired-by-la-nuit-tresor-a-la-folie-lancome-2\/","url":"https:\/\/larosegallery.ae\/product\/inspired-by-la-nuit-tresor-a-la-folie-lancome-2\/","name":"Inspired by La Nuit Tr\u00e9sor \u00e0 la Folie Lanc\u00f4me - LaRose Gallery","isPartOf":{"@id":"https:\/\/larosegallery.ae\/#website"},"primaryImageOfPage":{"@id":"https:\/\/larosegallery.ae\/product\/inspired-by-la-nuit-tresor-a-la-folie-lancome-2\/#primaryimage"},"image":{"@id":"https:\/\/larosegallery.ae\/product\/inspired-by-la-nuit-tresor-a-la-folie-lancome-2\/#primaryimage"},"thumbnailUrl":"https:\/\/larosegallery.ae\/wp-content\/uploads\/2023\/12\/APC_0536.jpg","datePublished":"2023-12-15T16:31:17+00:00","dateModified":"2025-01-04T14:10:37+00:00","breadcrumb":{"@id":"https:\/\/larosegallery.ae\/product\/inspired-by-la-nuit-tresor-a-la-folie-lancome-2\/#breadcrumb"},"inLanguage":"en-US","potentialAction":[{"@type":"ReadAction","target":["https:\/\/larosegallery.ae\/product\/inspired-by-la-nuit-tresor-a-la-folie-lancome-2\/"]}]},{"@type":"ImageObject","inLanguage":"en-US","@id":"https:\/\/larosegallery.ae\/product\/inspired-by-la-nuit-tresor-a-la-folie-lancome-2\/#primaryimage","url":"https:\/\/larosegallery.ae\/wp-content\/uploads\/2023\/12\/APC_0536.jpg","contentUrl":"https:\/\/larosegallery.ae\/wp-content\/uploads\/2023\/12\/APC_0536.jpg","width":2048,"height":2048},{"@type":"BreadcrumbList","@id":"https:\/\/larosegallery.ae\/product\/inspired-by-la-nuit-tresor-a-la-folie-lancome-2\/#breadcrumb","itemListElement":[{"@type":"ListItem","position":1,"name":"\u0627\u0644\u0631\u0626\u064a\u0633\u064a\u0629","item":"https:\/\/larosegallery.ae\/"},{"@type":"ListItem","position":2,"name":"\u0627\u0644\u0645\u0646\u062a\u062c\u0627\u062a","item":"https:\/\/larosegallery.ae\/shop\/"},{"@type":"ListItem","position":3,"name":"Inspired by La Nuit Tr\u00e9sor \u00e0 la Folie Lanc\u00f4me"}]},{"@type":"WebSite","@id":"https:\/\/larosegallery.ae\/#website","url":"https:\/\/larosegallery.ae\/","name":"Larose Gallery","description":"Home of luxury, creativity and innovation","publisher":{"@id":"https:\/\/larosegallery.ae\/#organization"},"potentialAction":[{"@type":"SearchAction","target":{"@type":"EntryPoint","urlTemplate":"https:\/\/larosegallery.ae\/?s={search_term_string}"},"query-input":{"@type":"PropertyValueSpecification","valueRequired":true,"valueName":"search_term_string"}}],"inLanguage":"en-US"},{"@type":"Organization","@id":"https:\/\/larosegallery.ae\/#organization","name":"Larose Gallery","url":"https:\/\/larosegallery.ae\/","logo":{"@type":"ImageObject","inLanguage":"en-US","@id":"https:\/\/larosegallery.ae\/#\/schema\/logo\/image\/","url":"https:\/\/larosegallery.ae\/wp-content\/uploads\/2023\/11\/\u200f\u200fAttachment_1642877305-4-150x150-\u0646\u0633\u062e\u0629.png","contentUrl":"https:\/\/larosegallery.ae\/wp-content\/uploads\/2023\/11\/\u200f\u200fAttachment_1642877305-4-150x150-\u0646\u0633\u062e\u0629.png","width":150,"height":150,"caption":"Larose Gallery"},"image":{"@id":"https:\/\/larosegallery.ae\/#\/schema\/logo\/image\/"},"sameAs":["https:\/\/www.instagram.com\/la_rose_gallery_perfumes"]}]}},"_links":{"self":[{"href":"https:\/\/larosegallery.ae\/en\/wp-json\/wp\/v2\/product\/16767","targetHints":{"allow":["GET"]}}],"collection":[{"href":"https:\/\/larosegallery.ae\/en\/wp-json\/wp\/v2\/product"}],"about":[{"href":"https:\/\/larosegallery.ae\/en\/wp-json\/wp\/v2\/types\/product"}],"replies":[{"embeddable":true,"href":"https:\/\/larosegallery.ae\/en\/wp-json\/wp\/v2\/comments?post=16767"}],"version-history":[{"count":4,"href":"https:\/\/larosegallery.ae\/en\/wp-json\/wp\/v2\/product\/16767\/revisions"}],"predecessor-version":[{"id":28634,"href":"https:\/\/larosegallery.ae\/en\/wp-json\/wp\/v2\/product\/16767\/revisions\/28634"}],"wp:featuredmedia":[{"embeddable":true,"href":"https:\/\/larosegallery.ae\/en\/wp-json\/wp\/v2\/media\/24078"}],"wp:attachment":[{"href":"https:\/\/larosegallery.ae\/en\/wp-json\/wp\/v2\/media?parent=16767"}],"wp:term":[{"taxonomy":"product_brand","embeddable":true,"href":"https:\/\/larosegallery.ae\/en\/wp-json\/wp\/v2\/product_brand?post=16767"},{"taxonomy":"product_cat","embeddable":true,"href":"https:\/\/larosegallery.ae\/en\/wp-json\/wp\/v2\/product_cat?post=16767"},{"taxonomy":"product_tag","embeddable":true,"href":"https:\/\/larosegallery.ae\/en\/wp-json\/wp\/v2\/product_tag?post=16767"}],"curies":[{"name":"wp","href":"https:\/\/api.w.org\/{rel}","templated":true}]}}